{"id":13,"date":"2019-04-03T12:50:24","date_gmt":"2019-04-03T10:50:24","guid":{"rendered":"http:\/\/bavarian-starlights.com\/wordpress\/?page_id=13"},"modified":"2019-05-11T19:29:12","modified_gmt":"2019-05-11T17:29:12","slug":"was-ist-square-dance","status":"publish","type":"page","link":"https:\/\/www.bavarian-starlights.com\/?page_id=13","title":{"rendered":"Was ist Square Dance"},"content":{"rendered":"\t\t<div data-elementor-type=\"wp-post\" data-elementor-id=\"13\" class=\"elementor elementor-13\" data-elementor-settings=\"[]\">\n\t\t\t\t\t\t<div class=\"elementor-inner\">\n\t\t\t\t\t\t\t<div class=\"elementor-section-wrap\">\n\t\t\t\t\t\t\t<section class=\"elementor-section elementor-top-section elementor-element elementor-element-a28a030 elementor-section-full_width elementor-section-height-default elementor-section-height-default\" data-id=\"a28a030\" data-element_type=\"section\" data-settings=\"{&quot;background_background&quot;:&quot;classic&quot;}\">\n\t\t\t\t\t\t\t<div class=\"elementor-background-overlay\"><\/div>\n\t\t\t\t\t\t\t<div class=\"elementor-container elementor-column-gap-default\">\n\t\t\t\t\t\t\t<div class=\"elementor-row\">\n\t\t\t\t\t<div class=\"elementor-column elementor-col-50 elementor-top-column elementor-element elementor-element-c308122\" data-id=\"c308122\" data-element_type=\"column\">\n\t\t\t<div class=\"elementor-column-wrap\">\n\t\t\t\t\t\t\t<div class=\"elementor-widget-wrap\">\n\t\t\t\t\t\t\t\t<\/div>\n\t\t\t\t\t<\/div>\n\t\t<\/div>\n\t\t\t\t<div class=\"elementor-column elementor-col-50 elementor-top-column elementor-element elementor-element-91fe208\" data-id=\"91fe208\" data-element_type=\"column\" data-settings=\"{&quot;background_background&quot;:&quot;classic&quot;}\">\n\t\t\t<div class=\"elementor-column-wrap elementor-element-populated\">\n\t\t\t\t\t\t\t<div class=\"elementor-widget-wrap\">\n\t\t\t\t\t\t<div class=\"elementor-element elementor-element-27aade2 elementor-widget elementor-widget-text-editor\" data-id=\"27aade2\" data-element_type=\"widget\" data-widget_type=\"text-editor.default\">\n\t\t\t\t<div class=\"elementor-widget-container\">\n\t\t\t\t\t\t\t\t<div class=\"elementor-text-editor elementor-clearfix\">\n\t\t\t\t<h4>Was ist Square Dance&#8230;<\/h4>\t\t\t\t\t<\/div>\n\t\t\t\t\t\t<\/div>\n\t\t\t\t<\/div>\n\t\t\t\t<div class=\"elementor-element elementor-element-7b7a170 elementor-widget elementor-widget-text-editor\" data-id=\"7b7a170\" data-element_type=\"widget\" data-widget_type=\"text-editor.default\">\n\t\t\t\t<div class=\"elementor-widget-container\">\n\t\t\t\t\t\t\t\t<div class=\"elementor-text-editor elementor-clearfix\">\n\t\t\t\t<p>&#8222;Square Dance&#8220; ist ein amerikanischer Volkstanz, der sich aus den europ\u00e4ischen Volkst\u00e4nzen der Einwanderer und Siedler entwickelt hat.<\/p><p>Jeweils vier Paare bewegen sich nach den Zurufen eines &#8222;Callers&#8220; in st\u00e4ndig wechselnden Formationen, wie Quadraten, Kreisen, Sternen oder Linien. Die Zurufe beinhalten auch die Namen der zu tanzenden Figuren. Die T\u00e4nzer lernen diese in einem speziellen Kurs und k\u00f6nnen sie danach auf Zuruf automatisch ausf\u00fchren. Es er\u00fcbrigt sich daher, den Ablauf eines ganzen Tanzes auswendig zu lernen. Entscheidend ist auch nicht die Bewegung der F\u00fc\u00dfe; wichtig ist vor allem, ob man dem N\u00e4chsten die rechte oder die linke Hand gibt. Als Anf\u00e4nger findet man daher sehr rasch zu einem flotten und harmonischen Tanzen.<\/p><p>Name und Ausf\u00fchrung der einzelnen Figuren sind weltweit standardisiert. So k\u00f6nnen T\u00e4nzer ohne gro\u00dfe Probleme zusammen mit T\u00e4nzern aus anderen St\u00e4dten, L\u00e4ndern, ja sogar Kontinenten zusammen in einem &#8222;Square&#8220; tanzen. Traditionsgem\u00e4\u00df erfolgen die &#8222;Calls&#8220; in englischer Sprache, Englischkenntnisse sind jedoch keine Voraussetzung, um &#8222;Square Dance&#8220; zu lernen. Eine Hilfe sind geringe Grundkenntnisse nat\u00fcrlich schon. Die Musik, nach der getanzt wird, ist meist amerikanische Country Music.<\/p><p>&#8222;Square Dance&#8220; erfordert von allen Beteiligten Gemeinschaftssinn, Konzentrations- und Reaktionsverm\u00f6gen. Alkohol ist deshalb vor und w\u00e4hrend des Tanzens tabu. Generationsprobleme oder Standesunterschiede sind beim &#8222;Square Dance&#8220; unbekannt. Es ist ein Hobby, das in jedem Alter Freude macht. Rang und Titel lassen wir zuhause. Wettbewerbe kennen wir nicht.<\/p><p><i>Square Dance ist Freundschaft, umgesetzt in Musik!<\/i><\/p>\t\t\t\t\t<\/div>\n\t\t\t\t\t\t<\/div>\n\t\t\t\t<\/div>\n\t\t\t\t\t\t<\/div>\n\t\t\t\t\t<\/div>\n\t\t<\/div>\n\t\t\t\t\t\t\t\t<\/div>\n\t\t\t\t\t<\/div>\n\t\t<\/section>\n\t\t\t\t\t\t<\/div>\n\t\t\t\t\t\t<\/div>\n\t\t\t\t\t<\/div>\n\t\t","protected":false},"excerpt":{"rendered":"<p>Was ist Square Dance&#8230; &#8222;Square Dance&#8220; ist ein amerikanischer Volkstanz, der sich aus den europ\u00e4ischen Volkst\u00e4nzen der Einwanderer und Siedler entwickelt hat. Jeweils vier Paare bewegen sich nach den Zurufen eines &#8222;Callers&#8220; in st\u00e4ndig wechselnden Formationen, wie Quadraten, Kreisen, Sternen oder Linien. Die Zurufe beinhalten auch die Namen der zu tanzenden Figuren. Die T\u00e4nzer lernen [&hellip;]<\/p>\n","protected":false},"author":1,"featured_media":0,"parent":0,"menu_order":0,"comment_status":"closed","ping_status":"closed","template":"","meta":[],"_links":{"self":[{"href":"https:\/\/www.bavarian-starlights.com\/index.php?rest_route=\/wp\/v2\/pages\/13"}],"collection":[{"href":"https:\/\/www.bavarian-starlights.com\/index.php?rest_route=\/wp\/v2\/pages"}],"about":[{"href":"https:\/\/www.bavarian-starlights.com\/index.php?rest_route=\/wp\/v2\/types\/page"}],"author":[{"embeddable":true,"href":"https:\/\/www.bavarian-starlights.com\/index.php?rest_route=\/wp\/v2\/users\/1"}],"replies":[{"embeddable":true,"href":"https:\/\/www.bavarian-starlights.com\/index.php?rest_route=%2Fwp%2Fv2%2Fcomments&post=13"}],"version-history":[{"count":26,"href":"https:\/\/www.bavarian-starlights.com\/index.php?rest_route=\/wp\/v2\/pages\/13\/revisions"}],"predecessor-version":[{"id":769,"href":"https:\/\/www.bavarian-starlights.com\/index.php?rest_route=\/wp\/v2\/pages\/13\/revisions\/769"}],"wp:attachment":[{"href":"https:\/\/www.bavarian-starlights.com\/index.php?rest_route=%2Fwp%2Fv2%2Fmedia&parent=13"}],"curies":[{"name":"wp","href":"https:\/\/api.w.org\/{rel}","templated":true}]}}