{"id":7,"date":"2019-04-03T12:49:30","date_gmt":"2019-04-03T10:49:30","guid":{"rendered":"http:\/\/bavarian-starlights.com\/wordpress\/?page_id=7"},"modified":"2019-05-11T19:00:03","modified_gmt":"2019-05-11T17:00:03","slug":"clubgeschichte","status":"publish","type":"page","link":"https:\/\/www.bavarian-starlights.com\/?page_id=7","title":{"rendered":"Clubgeschichte"},"content":{"rendered":"\t\t<div data-elementor-type=\"wp-post\" data-elementor-id=\"7\" class=\"elementor elementor-7\" data-elementor-settings=\"[]\">\n\t\t\t\t\t\t<div class=\"elementor-inner\">\n\t\t\t\t\t\t\t<div class=\"elementor-section-wrap\">\n\t\t\t\t\t\t\t<section class=\"elementor-section elementor-top-section elementor-element elementor-element-8d36f84 elementor-section-full_width elementor-section-height-default elementor-section-height-default\" data-id=\"8d36f84\" data-element_type=\"section\" data-settings=\"{&quot;background_background&quot;:&quot;classic&quot;}\">\n\t\t\t\t\t\t\t<div class=\"elementor-background-overlay\"><\/div>\n\t\t\t\t\t\t\t<div class=\"elementor-container elementor-column-gap-default\">\n\t\t\t\t\t\t\t<div class=\"elementor-row\">\n\t\t\t\t\t<div class=\"elementor-column elementor-col-50 elementor-top-column elementor-element elementor-element-c229b37\" data-id=\"c229b37\" data-element_type=\"column\">\n\t\t\t<div class=\"elementor-column-wrap\">\n\t\t\t\t\t\t\t<div class=\"elementor-widget-wrap\">\n\t\t\t\t\t\t\t\t<\/div>\n\t\t\t\t\t<\/div>\n\t\t<\/div>\n\t\t\t\t<div class=\"elementor-column elementor-col-50 elementor-top-column elementor-element elementor-element-26f3ee9\" data-id=\"26f3ee9\" data-element_type=\"column\" data-settings=\"{&quot;background_background&quot;:&quot;classic&quot;}\">\n\t\t\t<div class=\"elementor-column-wrap elementor-element-populated\">\n\t\t\t\t\t\t\t<div class=\"elementor-widget-wrap\">\n\t\t\t\t\t\t<div class=\"elementor-element elementor-element-aad8ab4 elementor-widget elementor-widget-text-editor\" data-id=\"aad8ab4\" data-element_type=\"widget\" data-widget_type=\"text-editor.default\">\n\t\t\t\t<div class=\"elementor-widget-container\">\n\t\t\t\t\t\t\t\t<div class=\"elementor-text-editor elementor-clearfix\">\n\t\t\t\t<h4>Wie alles begann&#8230;<\/h4>\t\t\t\t\t<\/div>\n\t\t\t\t\t\t<\/div>\n\t\t\t\t<\/div>\n\t\t\t\t<div class=\"elementor-element elementor-element-f4111f8 elementor-widget elementor-widget-text-editor\" data-id=\"f4111f8\" data-element_type=\"widget\" data-widget_type=\"text-editor.default\">\n\t\t\t\t<div class=\"elementor-widget-container\">\n\t\t\t\t\t\t\t\t<div class=\"elementor-text-editor elementor-clearfix\">\n\t\t\t\t<p>18 Square Dance Freunde haben unseren Club am 08.11.2004 gegr\u00fcndet.<br \/>Der Sitz unseres Vereins ist in Ensdorf (ca. 2.300 Einwohner), einem sch\u00f6n gelegenen Ort im Vilstal, der sich 15 km s\u00fcd\u00f6stlich von Amberg befindet.<\/p><p>Wir treffen uns w\u00f6chentlich zu unseren Clubabenden im Pfarrsaal der Pfarrei St. Jakob, an denen nach Wunsch der T\u00e4nzer von Mainstream bis A 1 der Modern American Square Dance gepflegt wird.<\/p><p>Unser gemeinsames Clubleben wird besonders auch in unseren Afterparties erlebbar. Vereinsfeste und Veranstaltungen sowie die Besuche anderer Square Dance Clubs f\u00f6rdern die Gemeinsamkeit. Nat\u00fcrlich freuen wir uns \u00fcber viele G\u00e4ste, die uns besuchen.<\/p><p>Wir sind auch bestrebt, neue Mitglieder zu gewinnen, die wir f\u00fcr unser sch\u00f6nes gemeinsames Hobby begeistern wollen. Zu diesem Zweck bieten wir regelm\u00e4\u00dfig eine Beginnerclass an.<\/p>\t\t\t\t\t<\/div>\n\t\t\t\t\t\t<\/div>\n\t\t\t\t<\/div>\n\t\t\t\t\t\t<\/div>\n\t\t\t\t\t<\/div>\n\t\t<\/div>\n\t\t\t\t\t\t\t\t<\/div>\n\t\t\t\t\t<\/div>\n\t\t<\/section>\n\t\t\t\t\t\t<\/div>\n\t\t\t\t\t\t<\/div>\n\t\t\t\t\t<\/div>\n\t\t","protected":false},"excerpt":{"rendered":"<p>Wie alles begann&#8230; 18 Square Dance Freunde haben unseren Club am 08.11.2004 gegr\u00fcndet.Der Sitz unseres Vereins ist in Ensdorf (ca. 2.300 Einwohner), einem sch\u00f6n gelegenen Ort im Vilstal, der sich 15 km s\u00fcd\u00f6stlich von Amberg befindet. Wir treffen uns w\u00f6chentlich zu unseren Clubabenden im Pfarrsaal der Pfarrei St. Jakob, an denen nach Wunsch der T\u00e4nzer [&hellip;]<\/p>\n","protected":false},"author":1,"featured_media":0,"parent":0,"menu_order":0,"comment_status":"closed","ping_status":"closed","template":"","meta":[],"_links":{"self":[{"href":"https:\/\/www.bavarian-starlights.com\/index.php?rest_route=\/wp\/v2\/pages\/7"}],"collection":[{"href":"https:\/\/www.bavarian-starlights.com\/index.php?rest_route=\/wp\/v2\/pages"}],"about":[{"href":"https:\/\/www.bavarian-starlights.com\/index.php?rest_route=\/wp\/v2\/types\/page"}],"author":[{"embeddable":true,"href":"https:\/\/www.bavarian-starlights.com\/index.php?rest_route=\/wp\/v2\/users\/1"}],"replies":[{"embeddable":true,"href":"https:\/\/www.bavarian-starlights.com\/index.php?rest_route=%2Fwp%2Fv2%2Fcomments&post=7"}],"version-history":[{"count":44,"href":"https:\/\/www.bavarian-starlights.com\/index.php?rest_route=\/wp\/v2\/pages\/7\/revisions"}],"predecessor-version":[{"id":751,"href":"https:\/\/www.bavarian-starlights.com\/index.php?rest_route=\/wp\/v2\/pages\/7\/revisions\/751"}],"wp:attachment":[{"href":"https:\/\/www.bavarian-starlights.com\/index.php?rest_route=%2Fwp%2Fv2%2Fmedia&parent=7"}],"curies":[{"name":"wp","href":"https:\/\/api.w.org\/{rel}","templated":true}]}}